{"id":25,"date":"2016-07-21T10:16:03","date_gmt":"2016-07-21T10:16:03","guid":{"rendered":"http:\/\/impreza7.us-themes.com\/?page_id=25"},"modified":"2023-02-06T08:53:38","modified_gmt":"2023-02-06T07:53:38","slug":"home","status":"publish","type":"page","link":"https:\/\/decodomo.com.pl\/","title":{"rendered":"Home"},"content":{"rendered":"<section class=\"l-section wpb_row height_auto width_full\"><div class=\"l-section-h i-cf\"><div class=\"g-cols vc_row via_flex valign_top type_default stacking_default\"><div class=\"vc_col-sm-12 wpb_column vc_column_container\"><div class=\"vc_column-inner\"><div class=\"wpb_wrapper\">\n\t\t\t<!-- START Home REVOLUTION SLIDER 6.6.9 --><p class=\"rs-p-wp-fix\"><\/p>\n\t\t\t<rs-module-wrap id=\"rev_slider_3_1_wrapper\" data-source=\"gallery\" style=\"visibility:hidden;background:transparent;padding:0;margin:0px auto;margin-top:0;margin-bottom:0;\">\n\t\t\t\t<rs-module id=\"rev_slider_3_1\" style=\"\" data-version=\"6.6.9\">\n\t\t\t\t\t<rs-slides style=\"overflow: hidden; position: absolute;\">\n\t\t\t\t\t\t<rs-slide style=\"position: absolute;\" data-key=\"rs-4\" data-title=\"Slide\" data-thumb=\"\/\/decodomo.com.pl\/wp-content\/uploads\/2020\/05\/2-50x100.jpg\" data-anim=\"ms:1000;r:0;\" data-in=\"o:0;\" data-out=\"a:false;\">\n\t\t\t\t\t\t\t<img src=\"\/\/decodomo.com.pl\/wp-content\/plugins\/revslider\/public\/assets\/assets\/dummy.png\" alt=\"\" title=\"2\" width=\"2560\" height=\"1079\" class=\"rev-slidebg tp-rs-img rs-lazyload\" data-lazyload=\"\/\/decodomo.com.pl\/wp-content\/uploads\/2020\/05\/2.jpg\" data-no-retina>\n<!---->\t\t\t\t\t\t<\/rs-slide>\n\t\t\t\t\t\t<rs-slide style=\"position: absolute;\" data-key=\"rs-5\" data-title=\"Slide\" data-thumb=\"\/\/decodomo.com.pl\/wp-content\/uploads\/2020\/05\/3-50x100.jpg\" data-anim=\"ms:1000;r:0;\" data-in=\"o:0;\" data-out=\"a:false;\">\n\t\t\t\t\t\t\t<img src=\"\/\/decodomo.com.pl\/wp-content\/plugins\/revslider\/public\/assets\/assets\/dummy.png\" alt=\"\" title=\"3\" width=\"1500\" height=\"1000\" class=\"rev-slidebg tp-rs-img rs-lazyload\" data-lazyload=\"\/\/decodomo.com.pl\/wp-content\/uploads\/2020\/05\/3.jpg\" data-no-retina>\n<!---->\t\t\t\t\t\t<\/rs-slide>\n\t\t\t\t\t\t<rs-slide style=\"position: absolute;\" data-key=\"rs-6\" data-title=\"Slide\" data-thumb=\"\/\/decodomo.com.pl\/wp-content\/uploads\/2020\/05\/4-50x100.jpg\" data-anim=\"ms:1000;r:0;\" data-in=\"o:0;\" data-out=\"a:false;\">\n\t\t\t\t\t\t\t<img src=\"\/\/decodomo.com.pl\/wp-content\/plugins\/revslider\/public\/assets\/assets\/dummy.png\" alt=\"\" title=\"4\" width=\"2000\" height=\"1334\" class=\"rev-slidebg tp-rs-img rs-lazyload\" data-lazyload=\"\/\/decodomo.com.pl\/wp-content\/uploads\/2020\/05\/4.jpg\" data-no-retina>\n<!---->\t\t\t\t\t\t<\/rs-slide>\n\t\t\t\t\t\t<rs-slide style=\"position: absolute;\" data-key=\"rs-7\" data-title=\"Slide\" data-thumb=\"\/\/decodomo.com.pl\/wp-content\/uploads\/2020\/05\/5-50x100.jpg\" data-anim=\"ms:1000;r:0;\" data-in=\"o:0;\" data-out=\"a:false;\">\n\t\t\t\t\t\t\t<img src=\"\/\/decodomo.com.pl\/wp-content\/plugins\/revslider\/public\/assets\/assets\/dummy.png\" alt=\"\" title=\"5\" width=\"1024\" height=\"683\" class=\"rev-slidebg tp-rs-img rs-lazyload\" data-lazyload=\"\/\/decodomo.com.pl\/wp-content\/uploads\/2020\/05\/5.jpg\" data-no-retina>\n<!---->\t\t\t\t\t\t<\/rs-slide>\n\t\t\t\t\t\t<rs-slide style=\"position: absolute;\" data-key=\"rs-8\" data-title=\"Slide\" data-thumb=\"\/\/decodomo.com.pl\/wp-content\/uploads\/2020\/08\/Decodomo-75-50x100.jpg\" data-anim=\"ms:1000;r:0;\" data-in=\"o:0;\" data-out=\"a:false;\">\n\t\t\t\t\t\t\t<img src=\"\/\/decodomo.com.pl\/wp-content\/plugins\/revslider\/public\/assets\/assets\/dummy.png\" alt=\"\" title=\"Decodomo-75\" width=\"2000\" height=\"1333\" class=\"rev-slidebg tp-rs-img rs-lazyload\" data-lazyload=\"\/\/decodomo.com.pl\/wp-content\/uploads\/2020\/08\/Decodomo-75.jpg\" data-no-retina>\n<!---->\t\t\t\t\t\t<\/rs-slide>\n\t\t\t\t\t\t<rs-slide style=\"position: absolute;\" data-key=\"rs-9\" data-title=\"Slide\" data-thumb=\"\/\/decodomo.com.pl\/wp-content\/uploads\/2020\/05\/33-50x100.jpg\" data-anim=\"ms:1000;r:0;\" data-in=\"o:0;\" data-out=\"a:false;\">\n\t\t\t\t\t\t\t<img src=\"\/\/decodomo.com.pl\/wp-content\/plugins\/revslider\/public\/assets\/assets\/dummy.png\" alt=\"\" title=\"33\" width=\"1794\" height=\"1166\" class=\"rev-slidebg tp-rs-img rs-lazyload\" data-lazyload=\"\/\/decodomo.com.pl\/wp-content\/uploads\/2020\/05\/33.jpg\" data-no-retina>\n<!---->\t\t\t\t\t\t<\/rs-slide>\n\t\t\t\t\t\t<rs-slide style=\"position: absolute;\" data-key=\"rs-10\" data-title=\"Slide\" data-thumb=\"\/\/decodomo.com.pl\/wp-content\/uploads\/2020\/05\/26-50x100.jpg\" data-anim=\"ms:1000;r:0;\" data-in=\"o:0;\" data-out=\"a:false;\">\n\t\t\t\t\t\t\t<img src=\"\/\/decodomo.com.pl\/wp-content\/plugins\/revslider\/public\/assets\/assets\/dummy.png\" alt=\"\" title=\"26\" width=\"1500\" height=\"1095\" class=\"rev-slidebg tp-rs-img rs-lazyload\" data-lazyload=\"\/\/decodomo.com.pl\/wp-content\/uploads\/2020\/05\/26.jpg\" data-no-retina>\n<!---->\t\t\t\t\t\t<\/rs-slide>\n\t\t\t\t\t<\/rs-slides>\n\t\t\t\t<\/rs-module>\n\t\t\t\t<script>\n\t\t\t\t\tsetREVStartSize({c: 'rev_slider_3_1',rl:[1240,1024,778,480],el:[550],gw:[1240],gh:[550],type:'standard',justify:'',layout:'fullwidth',mh:\"0\"});if (window.RS_MODULES!==undefined && window.RS_MODULES.modules!==undefined && window.RS_MODULES.modules[\"revslider31\"]!==undefined) {window.RS_MODULES.modules[\"revslider31\"].once = false;window.revapi3 = undefined;if (window.RS_MODULES.checkMinimal!==undefined) window.RS_MODULES.checkMinimal()}\n\t\t\t\t<\/script>\n\t\t\t<\/rs-module-wrap>\n\t\t\t<!-- END REVOLUTION SLIDER -->\n<\/div><\/div><\/div><\/div><\/div><\/section><section class=\"l-section wpb_row desktopowy height_medium\"><div class=\"l-section-h i-cf\"><div class=\"g-cols vc_row via_flex valign_middle type_default stacking_default\"><div class=\"vc_col-sm-4 wpb_column vc_column_container\"><div class=\"vc_column-inner us_custom_7c314053\"><div class=\"wpb_wrapper\"><\/div><\/div><\/div><div class=\"vc_col-sm-4 wpb_column vc_column_container\"><div class=\"vc_column-inner\"><div class=\"wpb_wrapper\"><div class=\"wpb_text_column\"><div class=\"wpb_wrapper\"><h3 style=\"text-align: right;\" align=\"left\">Z my\u015bl\u0105 o pi\u0119knie&#8230;<\/h3>\n<p style=\"text-align: right;\">Cieszymy si\u0119 , \u017ce zawita\u0142e\u015b do DECODOMO. Jeste\u015bmy rodzinn\u0105 firm\u0105, kt\u00f3ra dzi\u0119ki 20-letnim do\u015bwiadczeniu na rynku pomo\u017ce Ci zrealizowa\u0107 naj\u015bmielsze marzenia o idealnym wn\u0119trzu.<br \/>\nNasza firma to dwa wyj\u0105tkowe salony sprzeda\u017cy, w Koszalinie i w Ko\u0142obrzegu, gdzie znajdziesz design w\u0142oski, hiszpa\u0144ski, portugalski.<\/p>\n<\/div><\/div><\/div><\/div><\/div><div class=\"vc_col-sm-4 wpb_column vc_column_container\"><div class=\"vc_column-inner\"><div class=\"wpb_wrapper\"><div class=\"w-image align_none\"><div class=\"w-image-h\"><img width=\"445\" height=\"445\" src=\"https:\/\/decodomo.com.pl\/wp-content\/uploads\/2019\/12\/parts-oferta1.jpg\" class=\"attachment-large size-large\" alt=\"\" decoding=\"async\" loading=\"lazy\" srcset=\"https:\/\/decodomo.com.pl\/wp-content\/uploads\/2019\/12\/parts-oferta1.jpg 445w, https:\/\/decodomo.com.pl\/wp-content\/uploads\/2019\/12\/parts-oferta1-150x150.jpg 150w, https:\/\/decodomo.com.pl\/wp-content\/uploads\/2019\/12\/parts-oferta1-300x300.jpg 300w, https:\/\/decodomo.com.pl\/wp-content\/uploads\/2019\/12\/parts-oferta1-400x400.jpg 400w\" sizes=\"(max-width: 445px) 100vw, 445px\" \/><\/div><\/div><\/div><\/div><\/div><\/div><\/div><\/section><section class=\"l-section wpb_row mobilny height_medium\"><div class=\"l-section-h i-cf\"><div class=\"g-cols vc_row via_flex valign_middle type_default stacking_default\"><div class=\"vc_col-sm-6 wpb_column vc_column_container\"><div class=\"vc_column-inner us_custom_7c314053\"><div class=\"wpb_wrapper\"><div class=\"wpb_text_column\"><div class=\"wpb_wrapper\"><p style=\"text-align: left;\">Cieszymy si\u0119 , \u017ce zawita\u0142e\u015b do DECODOMO. Jeste\u015bmy rodzinn\u0105 firm\u0105, kt\u00f3ra dzi\u0119ki 20-letnim do\u015bwiadczeniu na rynku pomo\u017ce Ci zrealizowa\u0107 naj\u015bmielsze marzenia o idealnym wn\u0119trzu.<br \/>\nNasza firma to dwa wyj\u0105tkowe salony sprzeda\u017cy, w Koszalinie i w Ko\u0142obrzegu, gdzie znajdziesz design w\u0142oski, hiszpa\u0144ski, portugalski.<\/p>\n<\/div><\/div><\/div><\/div><\/div><div class=\"vc_col-sm-6 wpb_column vc_column_container\"><div class=\"vc_column-inner\"><div class=\"wpb_wrapper\"><div class=\"w-image align_none\"><div class=\"w-image-h\"><img width=\"445\" height=\"445\" src=\"https:\/\/decodomo.com.pl\/wp-content\/uploads\/2019\/12\/parts-oferta1.jpg\" class=\"attachment-large size-large\" alt=\"\" decoding=\"async\" loading=\"lazy\" srcset=\"https:\/\/decodomo.com.pl\/wp-content\/uploads\/2019\/12\/parts-oferta1.jpg 445w, https:\/\/decodomo.com.pl\/wp-content\/uploads\/2019\/12\/parts-oferta1-150x150.jpg 150w, https:\/\/decodomo.com.pl\/wp-content\/uploads\/2019\/12\/parts-oferta1-300x300.jpg 300w, https:\/\/decodomo.com.pl\/wp-content\/uploads\/2019\/12\/parts-oferta1-400x400.jpg 400w\" sizes=\"(max-width: 445px) 100vw, 445px\" \/><\/div><\/div><\/div><\/div><\/div><\/div><\/div><\/section><section class=\"l-section wpb_row desktopowy height_auto\"><div class=\"l-section-h i-cf\"><div class=\"g-cols vc_row via_flex valign_middle type_default stacking_default\"><div class=\"vc_col-sm-6 wpb_column vc_column_container\"><div class=\"vc_column-inner\"><div class=\"wpb_wrapper\"><div class=\"w-image us_custom_e4f3b373 align_none\"><div class=\"w-image-h\"><img width=\"380\" height=\"461\" src=\"https:\/\/decodomo.com.pl\/wp-content\/uploads\/2019\/12\/parts-glowna1.jpg\" class=\"attachment-large size-large\" alt=\"\" decoding=\"async\" loading=\"lazy\" srcset=\"https:\/\/decodomo.com.pl\/wp-content\/uploads\/2019\/12\/parts-glowna1.jpg 380w, https:\/\/decodomo.com.pl\/wp-content\/uploads\/2019\/12\/parts-glowna1-247x300.jpg 247w, https:\/\/decodomo.com.pl\/wp-content\/uploads\/2019\/12\/parts-glowna1-330x400.jpg 330w\" sizes=\"(max-width: 380px) 100vw, 380px\" \/><\/div><\/div><div class=\"w-separator size_medium\"><\/div><div class=\"wpb_text_column\"><div class=\"wpb_wrapper\"><p>Urz\u0105dzasz dom, mieszkanie, apartament, szukasz wyj\u0105tkowych p\u0142ytek do \u0142azienki, niepowtarzalnych wzor\u00f3w gres\u00f3w na taras, trwa\u0142ych i zachwycaj\u0105cych spiek\u00f3w wielkoformatowych do wyko\u0144czenia wn\u0119trz Twojej inwestycji? Jeste\u015b w dobrym miejscu.<\/p>\n<\/div><\/div><\/div><\/div><\/div><div class=\"vc_col-sm-6 wpb_column vc_column_container\"><div class=\"vc_column-inner us_custom_7c314053\"><div class=\"wpb_wrapper\"><div class=\"w-image us_custom_72fc42ef align_none\"><div class=\"w-image-h\"><img width=\"593\" height=\"444\" src=\"https:\/\/decodomo.com.pl\/wp-content\/uploads\/2019\/12\/parts-glowna2.jpg\" class=\"attachment-large size-large\" alt=\"\" decoding=\"async\" loading=\"lazy\" srcset=\"https:\/\/decodomo.com.pl\/wp-content\/uploads\/2019\/12\/parts-glowna2.jpg 593w, https:\/\/decodomo.com.pl\/wp-content\/uploads\/2019\/12\/parts-glowna2-300x225.jpg 300w, https:\/\/decodomo.com.pl\/wp-content\/uploads\/2019\/12\/parts-glowna2-400x299.jpg 400w\" sizes=\"(max-width: 593px) 100vw, 593px\" \/><\/div><\/div><\/div><\/div><\/div><\/div><\/div><\/section><section class=\"l-section wpb_row mobilny height_auto\"><div class=\"l-section-h i-cf\"><div class=\"g-cols vc_row via_flex valign_middle type_default stacking_default\"><div class=\"vc_col-sm-6 wpb_column vc_column_container\"><div class=\"vc_column-inner\"><div class=\"wpb_wrapper\"><div class=\"wpb_text_column\"><div class=\"wpb_wrapper\"><p style=\"text-align: left;\">Urz\u0105dzasz dom, mieszkanie, apartament, szukasz wyj\u0105tkowych p\u0142ytek do \u0142azienki, niepowtarzalnych wzor\u00f3w gres\u00f3w na taras, trwa\u0142ych i zachwycaj\u0105cych spiek\u00f3w wielkoformatowych do wyko\u0144czenia wn\u0119trz Twojej inwestycji? Jeste\u015b w dobrym miejscu.<\/p>\n<\/div><\/div><\/div><\/div><\/div><div class=\"vc_col-sm-6 wpb_column vc_column_container\"><div class=\"vc_column-inner us_custom_7c314053\"><div class=\"wpb_wrapper\"><div class=\"w-image align_none\"><div class=\"w-image-h\"><img width=\"593\" height=\"444\" src=\"https:\/\/decodomo.com.pl\/wp-content\/uploads\/2019\/12\/parts-glowna2.jpg\" class=\"attachment-large size-large\" alt=\"\" decoding=\"async\" loading=\"lazy\" srcset=\"https:\/\/decodomo.com.pl\/wp-content\/uploads\/2019\/12\/parts-glowna2.jpg 593w, https:\/\/decodomo.com.pl\/wp-content\/uploads\/2019\/12\/parts-glowna2-300x225.jpg 300w, https:\/\/decodomo.com.pl\/wp-content\/uploads\/2019\/12\/parts-glowna2-400x299.jpg 400w\" sizes=\"(max-width: 593px) 100vw, 593px\" \/><\/div><\/div><\/div><\/div><\/div><\/div><\/div><\/section><section class=\"l-section wpb_row height_medium\"><div class=\"l-section-h i-cf\"><div class=\"g-cols vc_row via_flex valign_top type_default stacking_default\"><div class=\"vc_col-sm-12 wpb_column vc_column_container\"><div class=\"vc_column-inner\"><div class=\"wpb_wrapper\"><div class=\"wpb_text_column\"><div class=\"wpb_wrapper\"><p style=\"text-align: center;\">\t\t<div id=\"sbi_mod_error\" >\n\t\t\t<span>Ten komunikat o b\u0142\u0119dzie jest widoczny tylko dla administrator\u00f3w WordPressa<\/span><br \/>\n\t\t\t<p><strong>B\u0142\u0105d: nie znaleziono kana\u0142u.<\/strong>\n\t\t\t<p>Przejd\u017a na stron\u0119 ustawie\u0144 kana\u0142u Instagramu, aby utworzy\u0107 kana\u0142.<\/p>\n\t\t<\/div>\n<\/div><\/div><\/div><\/div><\/div><\/div><\/div><\/section>\n","protected":false},"excerpt":{"rendered":"Z my\u015bl\u0105 o pi\u0119knie&#8230; Cieszymy si\u0119 , \u017ce zawita\u0142e\u015b do DECODOMO. Jeste\u015bmy rodzinn\u0105 firm\u0105, kt\u00f3ra dzi\u0119ki 20-letnim do\u015bwiadczeniu na rynku pomo\u017ce Ci zrealizowa\u0107 naj\u015bmielsze marzenia o idealnym wn\u0119trzu. Nasza firma to dwa wyj\u0105tkowe salony sprzeda\u017cy, w Koszalinie i w Ko\u0142obrzegu, gdzie znajdziesz design w\u0142oski, hiszpa\u0144ski, portugalski. Cieszymy si\u0119 , \u017ce zawita\u0142e\u015b do DECODOMO. Jeste\u015bmy rodzinn\u0105...","protected":false},"author":1,"featured_media":0,"parent":0,"menu_order":0,"comment_status":"closed","ping_status":"closed","template":"","meta":[],"_links":{"self":[{"href":"https:\/\/decodomo.com.pl\/index.php\/wp-json\/wp\/v2\/pages\/25"}],"collection":[{"href":"https:\/\/decodomo.com.pl\/index.php\/wp-json\/wp\/v2\/pages"}],"about":[{"href":"https:\/\/decodomo.com.pl\/index.php\/wp-json\/wp\/v2\/types\/page"}],"author":[{"embeddable":true,"href":"https:\/\/decodomo.com.pl\/index.php\/wp-json\/wp\/v2\/users\/1"}],"replies":[{"embeddable":true,"href":"https:\/\/decodomo.com.pl\/index.php\/wp-json\/wp\/v2\/comments?post=25"}],"version-history":[{"count":41,"href":"https:\/\/decodomo.com.pl\/index.php\/wp-json\/wp\/v2\/pages\/25\/revisions"}],"predecessor-version":[{"id":4992,"href":"https:\/\/decodomo.com.pl\/index.php\/wp-json\/wp\/v2\/pages\/25\/revisions\/4992"}],"wp:attachment":[{"href":"https:\/\/decodomo.com.pl\/index.php\/wp-json\/wp\/v2\/media?parent=25"}],"curies":[{"name":"wp","href":"https:\/\/api.w.org\/{rel}","templated":true}]}}