{"id":3744,"date":"2019-12-03T10:23:55","date_gmt":"2019-12-03T09:23:55","guid":{"rendered":"http:\/\/decodomo.com.pl\/?page_id=3744"},"modified":"2025-07-05T11:05:07","modified_gmt":"2025-07-05T09:05:07","slug":"o-nas","status":"publish","type":"page","link":"http:\/\/decodomo.com.pl\/index.php\/o-nas\/","title":{"rendered":"o nas"},"content":{"rendered":"<section class=\"l-section wpb_row height_auto\"><div class=\"l-section-h i-cf\"><div class=\"g-cols vc_row via_flex valign_top type_default stacking_default\"><div class=\"vc_col-sm-12 wpb_column vc_column_container\"><div class=\"vc_column-inner\"><div class=\"wpb_wrapper\">\n\t\t\t<!-- START onas2 REVOLUTION SLIDER 6.6.9 --><p class=\"rs-p-wp-fix\"><\/p>\n\t\t\t<rs-module-wrap id=\"rev_slider_2_1_wrapper\" data-source=\"gallery\" style=\"visibility:hidden;background:transparent;padding:0;margin:0px auto;margin-top:0;margin-bottom:0;\">\n\t\t\t\t<rs-module id=\"rev_slider_2_1\" style=\"\" data-version=\"6.6.9\">\n\t\t\t\t\t<rs-slides style=\"overflow: hidden; position: absolute;\">\n\t\t\t\t\t\t<rs-slide style=\"position: absolute;\" data-key=\"rs-3\" data-title=\"Slide\" data-in=\"o:0;\" data-out=\"a:false;\">\n\t\t\t\t\t\t\t<img src=\"\/\/decodomo.com.pl\/wp-content\/plugins\/revslider\/public\/assets\/assets\/dummy.png\" alt=\"\" title=\"decodomo-10\" width=\"2560\" height=\"1708\" class=\"rev-slidebg tp-rs-img rs-lazyload\" data-lazyload=\"\/\/decodomo.com.pl\/wp-content\/uploads\/2024\/07\/decodomo-10-scaled.jpg\" data-bg=\"p:0% 60%;\" data-no-retina>\n<!---->\t\t\t\t\t\t<\/rs-slide>\n\t\t\t\t\t<\/rs-slides>\n\t\t\t\t<\/rs-module>\n\t\t\t\t<script>\n\t\t\t\t\tsetREVStartSize({c: 'rev_slider_2_1',rl:[1240,1024,778,480],el:[550],gw:[1240],gh:[550],type:'standard',justify:'',layout:'fullwidth',mh:\"0\"});if (window.RS_MODULES!==undefined && window.RS_MODULES.modules!==undefined && window.RS_MODULES.modules[\"revslider21\"]!==undefined) {window.RS_MODULES.modules[\"revslider21\"].once = false;window.revapi2 = undefined;if (window.RS_MODULES.checkMinimal!==undefined) window.RS_MODULES.checkMinimal()}\n\t\t\t\t<\/script>\n\t\t\t<\/rs-module-wrap>\n\t\t\t<!-- END REVOLUTION SLIDER -->\n<\/div><\/div><\/div><\/div><\/div><\/section><section class=\"l-section wpb_row height_small\"><div class=\"l-section-h i-cf\"><div class=\"g-cols vc_row via_flex valign_middle type_default stacking_default\"><div class=\"vc_col-sm-6 wpb_column vc_column_container\"><div class=\"vc_column-inner us_custom_7c314053\"><div class=\"wpb_wrapper\"><div class=\"w-video align_none ratio_16x9\"><div class=\"w-video-h\"><iframe title=\"Youtube video player\" src=\"\/\/www.youtube.com\/embed\/ryM21JSWfC8?origin=http:\/\/decodomo.com.pl&controls=1\" allowfullscreen=\"1\" loading=\"lazy\"><\/iframe><\/div><div class=\"w-video-icon\" style=\"font-size:1.5rem;background:rgba(0,0,0,0.5);color:#fff\"><\/div><\/div><\/div><\/div><\/div><div class=\"vc_col-sm-6 wpb_column vc_column_container\"><div class=\"vc_column-inner\"><div class=\"wpb_wrapper\"><div class=\"wpb_text_column\"><div class=\"wpb_wrapper\"><p align=\"left\">Wn\u0119trza to nasza pasja. Razem z architektami szukamy rozwi\u0105za\u0144 dostosowanych do potrzeb naszych Klient\u00f3w. \u015aledzimy najnowsze trendy, ci\u0105gle odkrywaj\u0105c nowe mo\u017cliwo\u015bci i zastosowania oferowanych przez nas produkt\u00f3w. Dysponujemy asortymentem odpowiadaj\u0105cym r\u00f3\u017cnym gustom. Ch\u0119tnie u\u0142atwimy Pa\u0144stwu wyb\u00f3r p\u0142ytek \u015bciennych, pod\u0142ogowych, elewacyjnych, tarasowych czy te\u017c ogrodowych.<\/p>\n<\/div><\/div><\/div><\/div><\/div><\/div><\/div><\/section><section class=\"l-section wpb_row height_medium\"><div class=\"l-section-h i-cf\"><div class=\"g-cols vc_row via_flex valign_middle type_default stacking_default\"><div class=\"vc_col-sm-6 wpb_column vc_column_container\"><div class=\"vc_column-inner\"><div class=\"wpb_wrapper\"><div class=\"w-separator size_custom\" style=\"height:150px\"><\/div><div class=\"wpb_text_column\"><div class=\"wpb_wrapper\"><p>Dzi\u0119ki do\u015bwiadczeniu i wiedzy potrafimy doradzi\u0107 i wybra\u0107 odpowiedni produkt. W naszej ofercie posiadamy zar\u00f3wno p\u0142yty wielkoformatowe, gresy, baterie umywalkowe, wannowe, miski ust\u0119powe, lustra i wiele innych element\u00f3w niezb\u0119dnych w procesie urz\u0105dzania. Jeste\u015bmy profesjonalistami, a nasze doradztwo uzupe\u0142niamy o projekty i wizualizacje stworzone przez naszych projektant\u00f3w,\u00a0 kt\u00f3re przy zam\u00f3wieniach w naszym salonie s\u0105 w cenie zakupu.<\/p>\n<\/div><\/div><div class=\"w-separator size_custom\" style=\"height:150px\"><\/div><\/div><\/div><\/div><div class=\"vc_col-sm-6 wpb_column vc_column_container\"><div class=\"vc_column-inner us_custom_7c314053\"><div class=\"wpb_wrapper\"><div class=\"g-cols wpb_row via_flex valign_top type_default stacking_default\"><div class=\"vc_col-sm-8 wpb_column vc_column_container\"><div class=\"vc_column-inner\"><div class=\"wpb_wrapper\"><div class=\"w-image has_ratio align_none\"><div class=\"w-image-h\"><div style=\"padding-bottom:100%\"><\/div><img width=\"1024\" height=\"631\" src=\"http:\/\/decodomo.com.pl\/wp-content\/uploads\/2025\/07\/generated_CSA_GLOW_Plus_Sage120120_Kry-Iro_Pearl60120_bathroom.jpg.1200x740_q85_crop_upscale@2x-1024x631.jpg\" class=\"attachment-large size-large\" alt=\"\" decoding=\"async\" loading=\"lazy\" srcset=\"http:\/\/decodomo.com.pl\/wp-content\/uploads\/2025\/07\/generated_CSA_GLOW_Plus_Sage120120_Kry-Iro_Pearl60120_bathroom.jpg.1200x740_q85_crop_upscale@2x-1024x631.jpg 1024w, http:\/\/decodomo.com.pl\/wp-content\/uploads\/2025\/07\/generated_CSA_GLOW_Plus_Sage120120_Kry-Iro_Pearl60120_bathroom.jpg.1200x740_q85_crop_upscale@2x-300x185.jpg 300w, http:\/\/decodomo.com.pl\/wp-content\/uploads\/2025\/07\/generated_CSA_GLOW_Plus_Sage120120_Kry-Iro_Pearl60120_bathroom.jpg.1200x740_q85_crop_upscale@2x-200x123.jpg 200w, http:\/\/decodomo.com.pl\/wp-content\/uploads\/2025\/07\/generated_CSA_GLOW_Plus_Sage120120_Kry-Iro_Pearl60120_bathroom.jpg.1200x740_q85_crop_upscale@2x-400x247.jpg 400w\" sizes=\"(max-width: 1024px) 100vw, 1024px\" \/><\/div><\/div><\/div><\/div><\/div><div class=\"vc_col-sm-4 wpb_column vc_column_container\"><div class=\"vc_column-inner\"><div class=\"wpb_wrapper\"><div class=\"w-separator size_medium\"><\/div><\/div><\/div><\/div><\/div><\/div><\/div><\/div><\/div><\/div><\/section><section class=\"l-section wpb_row us_custom_72fc42ef height_auto\"><div class=\"l-section-h i-cf\"><div class=\"g-cols vc_row via_flex valign_top type_default stacking_default\"><div class=\"vc_col-sm-12 wpb_column vc_column_container\"><div class=\"vc_column-inner\"><div class=\"wpb_wrapper\">\n\t\t\t<!-- START Home REVOLUTION SLIDER 6.6.9 --><p class=\"rs-p-wp-fix\"><\/p>\n\t\t\t<rs-module-wrap id=\"rev_slider_3_2_wrapper\" data-source=\"gallery\" style=\"visibility:hidden;background:transparent;padding:0;margin:0px auto;margin-top:0;margin-bottom:0;\">\n\t\t\t\t<rs-module id=\"rev_slider_3_2\" style=\"\" data-version=\"6.6.9\">\n\t\t\t\t\t<rs-slides style=\"overflow: hidden; position: absolute;\">\n\t\t\t\t\t\t<rs-slide style=\"position: absolute;\" data-key=\"rs-4\" data-title=\"Slide\" data-thumb=\"\/\/decodomo.com.pl\/wp-content\/uploads\/2020\/05\/2-50x100.jpg\" data-anim=\"ms:1000;r:0;\" data-in=\"o:0;\" data-out=\"a:false;\">\n\t\t\t\t\t\t\t<img src=\"\/\/decodomo.com.pl\/wp-content\/plugins\/revslider\/public\/assets\/assets\/dummy.png\" alt=\"\" title=\"2\" width=\"2560\" height=\"1079\" class=\"rev-slidebg tp-rs-img rs-lazyload\" data-lazyload=\"\/\/decodomo.com.pl\/wp-content\/uploads\/2020\/05\/2.jpg\" data-no-retina>\n<!---->\t\t\t\t\t\t<\/rs-slide>\n\t\t\t\t\t\t<rs-slide style=\"position: absolute;\" data-key=\"rs-5\" data-title=\"Slide\" data-thumb=\"\/\/decodomo.com.pl\/wp-content\/uploads\/2020\/05\/3-50x100.jpg\" data-anim=\"ms:1000;r:0;\" data-in=\"o:0;\" data-out=\"a:false;\">\n\t\t\t\t\t\t\t<img src=\"\/\/decodomo.com.pl\/wp-content\/plugins\/revslider\/public\/assets\/assets\/dummy.png\" alt=\"\" title=\"3\" width=\"1500\" height=\"1000\" class=\"rev-slidebg tp-rs-img rs-lazyload\" data-lazyload=\"\/\/decodomo.com.pl\/wp-content\/uploads\/2020\/05\/3.jpg\" data-no-retina>\n<!---->\t\t\t\t\t\t<\/rs-slide>\n\t\t\t\t\t\t<rs-slide style=\"position: absolute;\" data-key=\"rs-6\" data-title=\"Slide\" data-thumb=\"\/\/decodomo.com.pl\/wp-content\/uploads\/2020\/05\/4-50x100.jpg\" data-anim=\"ms:1000;r:0;\" data-in=\"o:0;\" data-out=\"a:false;\">\n\t\t\t\t\t\t\t<img src=\"\/\/decodomo.com.pl\/wp-content\/plugins\/revslider\/public\/assets\/assets\/dummy.png\" alt=\"\" title=\"4\" width=\"2000\" height=\"1334\" class=\"rev-slidebg tp-rs-img rs-lazyload\" data-lazyload=\"\/\/decodomo.com.pl\/wp-content\/uploads\/2020\/05\/4.jpg\" data-no-retina>\n<!---->\t\t\t\t\t\t<\/rs-slide>\n\t\t\t\t\t\t<rs-slide style=\"position: absolute;\" data-key=\"rs-7\" data-title=\"Slide\" data-thumb=\"\/\/decodomo.com.pl\/wp-content\/uploads\/2020\/05\/5-50x100.jpg\" data-anim=\"ms:1000;r:0;\" data-in=\"o:0;\" data-out=\"a:false;\">\n\t\t\t\t\t\t\t<img src=\"\/\/decodomo.com.pl\/wp-content\/plugins\/revslider\/public\/assets\/assets\/dummy.png\" alt=\"\" title=\"5\" width=\"1024\" height=\"683\" class=\"rev-slidebg tp-rs-img rs-lazyload\" data-lazyload=\"\/\/decodomo.com.pl\/wp-content\/uploads\/2020\/05\/5.jpg\" data-no-retina>\n<!---->\t\t\t\t\t\t<\/rs-slide>\n\t\t\t\t\t\t<rs-slide style=\"position: absolute;\" data-key=\"rs-8\" data-title=\"Slide\" data-thumb=\"\/\/decodomo.com.pl\/wp-content\/uploads\/2020\/08\/Decodomo-75-50x100.jpg\" data-anim=\"ms:1000;r:0;\" data-in=\"o:0;\" data-out=\"a:false;\">\n\t\t\t\t\t\t\t<img src=\"\/\/decodomo.com.pl\/wp-content\/plugins\/revslider\/public\/assets\/assets\/dummy.png\" alt=\"\" title=\"Decodomo-75\" width=\"2000\" height=\"1333\" class=\"rev-slidebg tp-rs-img rs-lazyload\" data-lazyload=\"\/\/decodomo.com.pl\/wp-content\/uploads\/2020\/08\/Decodomo-75.jpg\" data-no-retina>\n<!---->\t\t\t\t\t\t<\/rs-slide>\n\t\t\t\t\t\t<rs-slide style=\"position: absolute;\" data-key=\"rs-9\" data-title=\"Slide\" data-thumb=\"\/\/decodomo.com.pl\/wp-content\/uploads\/2020\/05\/33-50x100.jpg\" data-anim=\"ms:1000;r:0;\" data-in=\"o:0;\" data-out=\"a:false;\">\n\t\t\t\t\t\t\t<img src=\"\/\/decodomo.com.pl\/wp-content\/plugins\/revslider\/public\/assets\/assets\/dummy.png\" alt=\"\" title=\"33\" width=\"1794\" height=\"1166\" class=\"rev-slidebg tp-rs-img rs-lazyload\" data-lazyload=\"\/\/decodomo.com.pl\/wp-content\/uploads\/2020\/05\/33.jpg\" data-no-retina>\n<!---->\t\t\t\t\t\t<\/rs-slide>\n\t\t\t\t\t\t<rs-slide style=\"position: absolute;\" data-key=\"rs-10\" data-title=\"Slide\" data-thumb=\"\/\/decodomo.com.pl\/wp-content\/uploads\/2020\/05\/26-50x100.jpg\" data-anim=\"ms:1000;r:0;\" data-in=\"o:0;\" data-out=\"a:false;\">\n\t\t\t\t\t\t\t<img src=\"\/\/decodomo.com.pl\/wp-content\/plugins\/revslider\/public\/assets\/assets\/dummy.png\" alt=\"\" title=\"26\" width=\"1500\" height=\"1095\" class=\"rev-slidebg tp-rs-img rs-lazyload\" data-lazyload=\"\/\/decodomo.com.pl\/wp-content\/uploads\/2020\/05\/26.jpg\" data-no-retina>\n<!---->\t\t\t\t\t\t<\/rs-slide>\n\t\t\t\t\t<\/rs-slides>\n\t\t\t\t<\/rs-module>\n\t\t\t\t<script>\n\t\t\t\t\tsetREVStartSize({c: 'rev_slider_3_2',rl:[1240,1024,778,480],el:[550],gw:[1240],gh:[550],type:'standard',justify:'',layout:'fullwidth',mh:\"0\"});if (window.RS_MODULES!==undefined && window.RS_MODULES.modules!==undefined && window.RS_MODULES.modules[\"revslider32\"]!==undefined) {window.RS_MODULES.modules[\"revslider32\"].once = false;window.revapi3 = undefined;if (window.RS_MODULES.checkMinimal!==undefined) window.RS_MODULES.checkMinimal()}\n\t\t\t\t<\/script>\n\t\t\t<\/rs-module-wrap>\n\t\t\t<!-- END REVOLUTION SLIDER -->\n<\/div><\/div><\/div><\/div><\/div><\/section>\n","protected":false},"excerpt":{"rendered":"Wn\u0119trza to nasza pasja. Razem z architektami szukamy rozwi\u0105za\u0144 dostosowanych do potrzeb naszych Klient\u00f3w. \u015aledzimy najnowsze trendy, ci\u0105gle odkrywaj\u0105c nowe mo\u017cliwo\u015bci i zastosowania oferowanych przez nas produkt\u00f3w. Dysponujemy asortymentem odpowiadaj\u0105cym r\u00f3\u017cnym gustom. Ch\u0119tnie u\u0142atwimy Pa\u0144stwu wyb\u00f3r p\u0142ytek \u015bciennych, pod\u0142ogowych, elewacyjnych, tarasowych czy te\u017c ogrodowych. Dzi\u0119ki do\u015bwiadczeniu i wiedzy potrafimy doradzi\u0107 i wybra\u0107 odpowiedni produkt. W...","protected":false},"author":1,"featured_media":0,"parent":0,"menu_order":0,"comment_status":"closed","ping_status":"closed","template":"","meta":[],"_links":{"self":[{"href":"http:\/\/decodomo.com.pl\/index.php\/wp-json\/wp\/v2\/pages\/3744"}],"collection":[{"href":"http:\/\/decodomo.com.pl\/index.php\/wp-json\/wp\/v2\/pages"}],"about":[{"href":"http:\/\/decodomo.com.pl\/index.php\/wp-json\/wp\/v2\/types\/page"}],"author":[{"embeddable":true,"href":"http:\/\/decodomo.com.pl\/index.php\/wp-json\/wp\/v2\/users\/1"}],"replies":[{"embeddable":true,"href":"http:\/\/decodomo.com.pl\/index.php\/wp-json\/wp\/v2\/comments?post=3744"}],"version-history":[{"count":62,"href":"http:\/\/decodomo.com.pl\/index.php\/wp-json\/wp\/v2\/pages\/3744\/revisions"}],"predecessor-version":[{"id":4128,"href":"http:\/\/decodomo.com.pl\/index.php\/wp-json\/wp\/v2\/pages\/3744\/revisions\/4128"}],"wp:attachment":[{"href":"http:\/\/decodomo.com.pl\/index.php\/wp-json\/wp\/v2\/media?parent=3744"}],"curies":[{"name":"wp","href":"https:\/\/api.w.org\/{rel}","templated":true}]}}